{"id":24,"date":"2025-04-15T23:11:31","date_gmt":"2025-04-15T21:11:31","guid":{"rendered":"https:\/\/www.randodenas.ovh\/?page_id=24"},"modified":"2025-04-15T23:11:31","modified_gmt":"2025-04-15T21:11:31","slug":"notre-histoire","status":"publish","type":"page","link":"https:\/\/www.randodenas.ovh\/index.php\/notre-histoire\/","title":{"rendered":"Notre histoire&#8230;"},"content":{"rendered":"\n<h2 class=\"wp-block-heading\"><strong>Une histoire de c\u0153ur, de village et de transmission<\/strong><\/h2>\n\n\n\n<p>Il y a de nombreuses ann\u00e9es, cette randonn\u00e9e est n\u00e9e sous l\u2019impulsion du <strong>Sou des \u00c9coles<\/strong>, dans un esprit convivial, familial, et festif. Chaque printemps, elle rassemblait petits et grands autour d\u2019un parcours bucolique, entre vignes, collines et sentiers du Beaujolais. C\u2019\u00e9tait plus qu\u2019un \u00e9v\u00e9nement : c\u2019\u00e9tait un moment fort de la vie du village.<\/p>\n\n\n\n<p>Mais les ann\u00e9es passent, les \u00e9quipes changent\u2026<br>Quand le nouveau bureau du Sou des \u00c9coles a d\u00e9cid\u00e9 de mettre fin \u00e0 l\u2019organisation de la randonn\u00e9e, il n\u2019\u00e9tait pas question pour certains anciens membres de la voir dispara\u00eetre. Trop de souvenirs, trop de sourires partag\u00e9s, trop d\u2019attachement \u00e0 cette journ\u00e9e&#8230;.<\/p>\n\n\n\n<p>C\u2019est alors qu\u2019est n\u00e9e l\u2019id\u00e9e de la transmettre, plut\u00f4t que de l\u2019abandonner.<\/p>\n\n\n\n<p>Un petit groupe de passionn\u00e9s a d\u00e9cid\u00e9 de reprendre le flambeau sous la banni\u00e8re du <strong>Comit\u00e9 des F\u00eates d&rsquo;Odenas<\/strong>. Avec une volont\u00e9 claire : <strong>pr\u00e9server l\u2019\u00e2me de la randonn\u00e9e<\/strong>, tout en lui donnant une nouvelle dimension, <strong>solidaire et engag\u00e9e<\/strong>.<\/p>\n\n\n\n<p>Aujourd\u2019hui, <strong>Rand&rsquo;Odenas<\/strong> continue d\u2019arpenter les chemins du Beaujolais, mais elle le fait aussi pour une bonne cause :<br>\ud83c\udfaf <strong>Soutenir des projets communaux<\/strong>,<br>\ud83e\udd1d <strong>Aider les associations locales<\/strong>,<br>\ud83d\udc9e <strong>Cr\u00e9er du lien et faire vivre notre village.<\/strong><\/p>\n\n\n\n<p>Car ici, marcher ensemble, c\u2019est avancer ensemble.<\/p>\n","protected":false},"excerpt":{"rendered":"<p>Une histoire de c\u0153ur, de village et de transmission Il y a de nombreuses ann\u00e9es, cette randonn\u00e9e est n\u00e9e sous l\u2019impulsion du Sou des \u00c9coles, dans un esprit convivial, familial, et festif. Chaque printemps, elle rassemblait petits et grands autour d\u2019un parcours bucolique, entre vignes, collines et sentiers du Beaujolais. C\u2019\u00e9tait plus qu\u2019un \u00e9v\u00e9nement : [&hellip;]<\/p>\n","protected":false},"author":1,"featured_media":0,"parent":0,"menu_order":0,"comment_status":"closed","ping_status":"closed","template":"","meta":{"footnotes":""},"class_list":["post-24","page","type-page","status-publish","hentry"],"_links":{"self":[{"href":"https:\/\/www.randodenas.ovh\/index.php\/wp-json\/wp\/v2\/pages\/24","targetHints":{"allow":["GET"]}}],"collection":[{"href":"https:\/\/www.randodenas.ovh\/index.php\/wp-json\/wp\/v2\/pages"}],"about":[{"href":"https:\/\/www.randodenas.ovh\/index.php\/wp-json\/wp\/v2\/types\/page"}],"author":[{"embeddable":true,"href":"https:\/\/www.randodenas.ovh\/index.php\/wp-json\/wp\/v2\/users\/1"}],"replies":[{"embeddable":true,"href":"https:\/\/www.randodenas.ovh\/index.php\/wp-json\/wp\/v2\/comments?post=24"}],"version-history":[{"count":1,"href":"https:\/\/www.randodenas.ovh\/index.php\/wp-json\/wp\/v2\/pages\/24\/revisions"}],"predecessor-version":[{"id":25,"href":"https:\/\/www.randodenas.ovh\/index.php\/wp-json\/wp\/v2\/pages\/24\/revisions\/25"}],"wp:attachment":[{"href":"https:\/\/www.randodenas.ovh\/index.php\/wp-json\/wp\/v2\/media?parent=24"}],"curies":[{"name":"wp","href":"https:\/\/api.w.org\/{rel}","templated":true}]}}