{"id":27,"date":"2025-04-15T23:16:54","date_gmt":"2025-04-15T21:16:54","guid":{"rendered":"https:\/\/www.randodenas.ovh\/?page_id=27"},"modified":"2025-04-15T23:16:54","modified_gmt":"2025-04-15T21:16:54","slug":"sponsors","status":"publish","type":"page","link":"https:\/\/www.randodenas.ovh\/index.php\/sponsors\/","title":{"rendered":"Sponsors"},"content":{"rendered":"\n<h2 class=\"wp-block-heading\"><strong>Merci \u00e0 nos sponsors et partenaires<\/strong><\/h2>\n\n\n\n<p>Chaque \u00e9dition de <strong>Rand<\/strong>&lsquo;<strong>Odenas<\/strong> est rendue possible gr\u00e2ce au soutien pr\u00e9cieux de nos sponsors et partenaires. Leur engagement \u00e0 nos c\u00f4t\u00e9s permet non seulement de faire vivre cet \u00e9v\u00e9nement convivial et accessible \u00e0 tous, mais aussi de renforcer notre action solidaire en faveur de projets communaux et associatifs locaux.<\/p>\n\n\n\n<p>En soutenant Rand&rsquo;Odenas, ces entreprises, artisans, commer\u00e7ants et acteurs du territoire choisissent d\u2019investir dans la vie locale, dans le lien social et dans une belle aventure humaine.<br>Nous leur adressons un immense merci pour leur confiance, leur fid\u00e9lit\u00e9 et leur g\u00e9n\u00e9rosit\u00e9.<\/p>\n","protected":false},"excerpt":{"rendered":"<p>Merci \u00e0 nos sponsors et partenaires Chaque \u00e9dition de Rand&lsquo;Odenas est rendue possible gr\u00e2ce au soutien pr\u00e9cieux de nos sponsors et partenaires. Leur engagement \u00e0 nos c\u00f4t\u00e9s permet non seulement de faire vivre cet \u00e9v\u00e9nement convivial et accessible \u00e0 tous, mais aussi de renforcer notre action solidaire en faveur de projets communaux et associatifs locaux. [&hellip;]<\/p>\n","protected":false},"author":1,"featured_media":0,"parent":0,"menu_order":0,"comment_status":"closed","ping_status":"closed","template":"","meta":{"footnotes":""},"class_list":["post-27","page","type-page","status-publish","hentry"],"_links":{"self":[{"href":"https:\/\/www.randodenas.ovh\/index.php\/wp-json\/wp\/v2\/pages\/27","targetHints":{"allow":["GET"]}}],"collection":[{"href":"https:\/\/www.randodenas.ovh\/index.php\/wp-json\/wp\/v2\/pages"}],"about":[{"href":"https:\/\/www.randodenas.ovh\/index.php\/wp-json\/wp\/v2\/types\/page"}],"author":[{"embeddable":true,"href":"https:\/\/www.randodenas.ovh\/index.php\/wp-json\/wp\/v2\/users\/1"}],"replies":[{"embeddable":true,"href":"https:\/\/www.randodenas.ovh\/index.php\/wp-json\/wp\/v2\/comments?post=27"}],"version-history":[{"count":1,"href":"https:\/\/www.randodenas.ovh\/index.php\/wp-json\/wp\/v2\/pages\/27\/revisions"}],"predecessor-version":[{"id":32,"href":"https:\/\/www.randodenas.ovh\/index.php\/wp-json\/wp\/v2\/pages\/27\/revisions\/32"}],"wp:attachment":[{"href":"https:\/\/www.randodenas.ovh\/index.php\/wp-json\/wp\/v2\/media?parent=27"}],"curies":[{"name":"wp","href":"https:\/\/api.w.org\/{rel}","templated":true}]}}