{"id":28,"date":"2025-04-16T13:18:46","date_gmt":"2025-04-16T11:18:46","guid":{"rendered":"https:\/\/www.randodenas.ovh\/?page_id=28"},"modified":"2025-04-16T13:40:41","modified_gmt":"2025-04-16T11:40:41","slug":"28-2","status":"publish","type":"page","link":"https:\/\/www.randodenas.ovh\/index.php\/28-2\/","title":{"rendered":"L&rsquo;\u00c9quipe de Rand&rsquo;Odenas"},"content":{"rendered":"\n<p><strong>Rand&rsquo;Odenas<\/strong> est avant tout une aventure humaine, port\u00e9e par une \u00e9quipe passionn\u00e9e et d\u00e9termin\u00e9e. Chaque ann\u00e9e, des b\u00e9n\u00e9voles et des membres du Comit\u00e9 des F\u00eates d&rsquo;Odenas se mobilisent pour organiser cet \u00e9v\u00e9nement unique qui r\u00e9unit notre communaut\u00e9 autour de la randonn\u00e9e, du partage et de la solidarit\u00e9.<\/p>\n\n\n\n<p>Voici quelques-unes des commissions qui rendent cette belle aventure possible :<\/p>\n\n\n\n<hr class=\"wp-block-separator has-alpha-channel-opacity\"\/>\n\n\n\n<h3 class=\"wp-block-heading\">\ud83d\udcaa <strong>L\u2019\u00e9quipe organisatrice<\/strong><\/h3>\n\n\n\n<h4 class=\"wp-block-heading\"><strong>Commission des parcours<\/strong><\/h4>\n\n\n\n<p>Passionn\u00e9s de nature et d\u2019aventure, ils con\u00e7oivent les parcours de la randonn\u00e9e en veillant \u00e0 offrir des itin\u00e9raires vari\u00e9s et adapt\u00e9s \u00e0 tous les niveaux. Ils travaillent main dans la main avec les b\u00e9n\u00e9voles pour garantir la s\u00e9curit\u00e9 et le confort des participants.<\/p>\n\n\n\n<h4 class=\"wp-block-heading\"><strong> Commission logistique<\/strong><\/h4>\n\n\n\n<p>Les d\u00e9tails logistiques sont essentiels pour un \u00e9v\u00e9nement r\u00e9ussi ! L&rsquo;\u00e9quipe g\u00e8re les aspects pratiques, de l\u2019acheminement du mat\u00e9riel aux points de ravitaillement, en passant par l\u2019organisation des transports et le stationnement.<\/p>\n\n\n\n<h4 class=\"wp-block-heading\"><strong>Commission partenariats et sponsors<\/strong><\/h4>\n\n\n\n<p>Gr\u00e2ce \u00e0 l\u2019engagement de cette commission, <strong>Rand&rsquo;Odenas<\/strong> b\u00e9n\u00e9ficie du soutien de nombreux partenaires et sponsors locaux. Elle travaille pour renforcer les liens avec les entreprises du territoire et cr\u00e9er des partenariats durables, b\u00e9n\u00e9fiques \u00e0 la fois pour l\u2019\u00e9v\u00e9nement et pour la communaut\u00e9.<\/p>\n\n\n\n<h4 class=\"wp-block-heading\"><strong>Commission administrative<\/strong><\/h4>\n\n\n\n<p>La Commission administrative de Rand&rsquo;Odenas est charg\u00e9e de la bonne gestion de l\u2019\u00e9v\u00e9nement sur les plans r\u00e9glementaire. Elle veille au respect des obligations l\u00e9gales et assure le suivi administratif et juridique : autorisations n\u00e9cessaires, assurances, d\u00e9clarations officielles.<\/p>\n\n\n\n<h4 class=\"wp-block-heading\"><strong>Commission Course &amp; Achats<\/strong><\/h4>\n\n\n\n<p>La Commission Course &amp; Achats est un maillon essentiel dans l&rsquo;organisation de Rando Denas. Elle veille \u00e0 la bonne pr\u00e9paration des parcours, \u00e0 la logistique terrain, et \u00e0 tous les achats n\u00e9cessaires au bon d\u00e9roulement de l\u2019\u00e9v\u00e9nement. Elle g\u00e8re les commandes de mat\u00e9riel : rubalise, gobelets, affiches, t-shirts, signal\u00e9tique, tables, etc. Elle organise les achats pour les ravitaillements : boissons, fruits, produits locaux\u2026 Elle collabore avec les producteurs et commer\u00e7ants locaux pour privil\u00e9gier les circuits courts et les partenariats solidaires.<\/p>\n\n\n\n<p><\/p>\n\n\n\n<hr class=\"wp-block-separator has-alpha-channel-opacity\"\/>\n\n\n\n<h3 class=\"wp-block-heading\">\ud83e\udd1d <strong>Les b\u00e9n\u00e9voles : c\u0153ur battant de Rand&rsquo;Odenas<\/strong><\/h3>\n\n\n\n<p>Chaque ann\u00e9e, des dizaines de b\u00e9n\u00e9voles se joignent \u00e0 nous pour faire de cette randonn\u00e9e un moment convivial et inoubliable. Sans eux, rien ne serait possible ! Accueil, gestion des ravitaillements, s\u00e9curit\u00e9, aide au balisage des parcours\u2026 les b\u00e9n\u00e9voles sont pr\u00e9sents \u00e0 chaque \u00e9tape pour accueillir et accompagner les participants. Ils incarnent l\u2019esprit d\u2019entraide et de solidarit\u00e9 qui fait la beaut\u00e9 de <strong>Rand&rsquo;Odenas<\/strong>.<\/p>\n\n\n\n<hr class=\"wp-block-separator has-alpha-channel-opacity\"\/>\n\n\n\n<h3 class=\"wp-block-heading\">\ud83c\udf31 <strong>Une \u00e9quipe unie pour un \u00e9v\u00e9nement solidaire<\/strong><\/h3>\n\n\n\n<p>Ce qui nous anime tous, c&rsquo;est la volont\u00e9 de cr\u00e9er un \u00e9v\u00e9nement accessible \u00e0 tous, qui permet de d\u00e9couvrir notre belle r\u00e9gion tout en contribuant \u00e0 des projets locaux et solidaires. Chaque membre de l\u2019\u00e9quipe apporte son expertise, son enthousiasme et son d\u00e9vouement pour faire de <strong>Rand&rsquo;Odenas<\/strong> un moment unique de partage, de sport et de convivialit\u00e9.<\/p>\n\n\n\n<hr class=\"wp-block-separator has-alpha-channel-opacity\"\/>\n\n\n\n<h3 class=\"wp-block-heading\">\ud83d\udcac <strong>T\u00e9moignages de l\u2019\u00e9quipe<\/strong><\/h3>\n\n\n\n<p><em>\u00ab\u00a0Participer \u00e0 l&rsquo;organisation de <strong>Rand&rsquo;Odenas<\/strong>, c\u2019est avant tout un moment de plaisir et de solidarit\u00e9. Voir les participants sourire \u00e0 l\u2019arriv\u00e9e et savoir que nous avons contribu\u00e9 \u00e0 soutenir des projets locaux, c\u2019est ce qui me motive \u00e0 revenir chaque ann\u00e9e.\u00a0\u00bb<\/em> \u2013  Laurent DARD Commission administrative.<\/p>\n\n\n\n<p><em>\u00ab\u00a0L&rsquo;\u00e9quipe est une vraie famille ! Chacun apporte son expertise et, ensemble, on fait vivre cet \u00e9v\u00e9nement qui fait du bien \u00e0 la fois aux participants et \u00e0 la commune.\u00a0\u00bb<\/em> \u2013 Olivier Delorme, Commission logistique.<\/p>\n","protected":false},"excerpt":{"rendered":"<p>Rand&rsquo;Odenas est avant tout une aventure humaine, port\u00e9e par une \u00e9quipe passionn\u00e9e et d\u00e9termin\u00e9e. Chaque ann\u00e9e, des b\u00e9n\u00e9voles et des membres du Comit\u00e9 des F\u00eates d&rsquo;Odenas se mobilisent pour organiser cet \u00e9v\u00e9nement unique qui r\u00e9unit notre communaut\u00e9 autour de la randonn\u00e9e, du partage et de la solidarit\u00e9. Voici quelques-unes des commissions qui rendent cette belle [&hellip;]<\/p>\n","protected":false},"author":1,"featured_media":0,"parent":0,"menu_order":0,"comment_status":"closed","ping_status":"closed","template":"","meta":{"footnotes":""},"class_list":["post-28","page","type-page","status-publish","hentry"],"_links":{"self":[{"href":"https:\/\/www.randodenas.ovh\/index.php\/wp-json\/wp\/v2\/pages\/28","targetHints":{"allow":["GET"]}}],"collection":[{"href":"https:\/\/www.randodenas.ovh\/index.php\/wp-json\/wp\/v2\/pages"}],"about":[{"href":"https:\/\/www.randodenas.ovh\/index.php\/wp-json\/wp\/v2\/types\/page"}],"author":[{"embeddable":true,"href":"https:\/\/www.randodenas.ovh\/index.php\/wp-json\/wp\/v2\/users\/1"}],"replies":[{"embeddable":true,"href":"https:\/\/www.randodenas.ovh\/index.php\/wp-json\/wp\/v2\/comments?post=28"}],"version-history":[{"count":4,"href":"https:\/\/www.randodenas.ovh\/index.php\/wp-json\/wp\/v2\/pages\/28\/revisions"}],"predecessor-version":[{"id":68,"href":"https:\/\/www.randodenas.ovh\/index.php\/wp-json\/wp\/v2\/pages\/28\/revisions\/68"}],"wp:attachment":[{"href":"https:\/\/www.randodenas.ovh\/index.php\/wp-json\/wp\/v2\/media?parent=28"}],"curies":[{"name":"wp","href":"https:\/\/api.w.org\/{rel}","templated":true}]}}